{"id":2,"date":"2016-06-23T20:24:38","date_gmt":"2016-06-23T20:24:38","guid":{"rendered":"http:\/\/www.guiate.pe\/prensa\/?page_id=2"},"modified":"2016-06-24T03:03:31","modified_gmt":"2016-06-24T03:03:31","slug":"guiatepe","status":"publish","type":"page","link":"http:\/\/www.guiate.pe\/prensa\/guiatepe\/","title":{"rendered":"guiATE.pe"},"content":{"rendered":"<p>guiATE.pe es un portal de Promoci\u00f3n y fortalecimiento de los agentes del Desarrollo Econ\u00f3mico Local de Lima Este.<\/p>\n<p>Para la integraci\u00f3n y crecimiento de su empresa, le ofrecemos un Directorio Web, de f\u00e1cil acceso, mediante el cual usted podr\u00e1 buscar o promocionar su negocio en Internet.<\/p>\n<p>Lo que nos hace \u00fanicos, es nuestro servicio personalizado, de constante comunicaci\u00f3n con nuestros usuarios. Tambi\u00e9n es de nuestro inter\u00e9s mantenerlos informados de los diversos eventos, promociones y novedades en Lima Este.<\/p>\n<p>Los invitamos a participar y hacer de guiATE.pe su herramienta de producci\u00f3n y desarrollo empresarial.<\/p>\n","protected":false},"excerpt":{"rendered":"<p>guiATE.pe es un portal de Promoci\u00f3n y fortalecimiento de los agentes del Desarrollo Econ\u00f3mico Local de Lima Este. Para la integraci\u00f3n y crecimiento de su empresa, le ofrecemos un Directorio Web, de f\u00e1cil acceso, mediante el cual usted podr\u00e1 buscar o promocionar su negocio&#8230;<\/p>\n","protected":false},"author":1,"featured_media":0,"parent":0,"menu_order":0,"comment_status":"closed","ping_status":"open","template":"","meta":[],"_links":{"self":[{"href":"http:\/\/www.guiate.pe\/prensa\/wp-json\/wp\/v2\/pages\/2"}],"collection":[{"href":"http:\/\/www.guiate.pe\/prensa\/wp-json\/wp\/v2\/pages"}],"about":[{"href":"http:\/\/www.guiate.pe\/prensa\/wp-json\/wp\/v2\/types\/page"}],"author":[{"embeddable":true,"href":"http:\/\/www.guiate.pe\/prensa\/wp-json\/wp\/v2\/users\/1"}],"replies":[{"embeddable":true,"href":"http:\/\/www.guiate.pe\/prensa\/wp-json\/wp\/v2\/comments?post=2"}],"version-history":[{"count":2,"href":"http:\/\/www.guiate.pe\/prensa\/wp-json\/wp\/v2\/pages\/2\/revisions"}],"predecessor-version":[{"id":20,"href":"http:\/\/www.guiate.pe\/prensa\/wp-json\/wp\/v2\/pages\/2\/revisions\/20"}],"wp:attachment":[{"href":"http:\/\/www.guiate.pe\/prensa\/wp-json\/wp\/v2\/media?parent=2"}],"curies":[{"name":"wp","href":"https:\/\/api.w.org\/{rel}","templated":true}]}}